{"id":1198,"date":"2019-12-01T23:01:04","date_gmt":"2019-12-01T20:01:04","guid":{"rendered":"https:\/\/demo.efektifgrup.com.tr\/?page_id=1198"},"modified":"2019-12-02T00:23:56","modified_gmt":"2019-12-01T21:23:56","slug":"distribitorlukler","status":"publish","type":"page","link":"https:\/\/astanplastik.com\/?page_id=1198","title":{"rendered":"D\u0130STR\u0130B\u0130T\u00d6RL\u00dcKLER"},"content":{"rendered":"<div class=\"wpb-content-wrapper\"><p>[vc_row][vc_column]\n\t<div class=\"custom-heading wpb_content_element \">\n\t\t<h2 class=\"heading-title\"  style=\"color: #dd3333;\">\u00c7\u00f6z\u00fcm Ortaklar\u0131m\u0131z<\/h2>\n\t\t<span class=\"heading-line primary\"><\/span>\n\t<\/div>[vc_row_inner][vc_column_inner width=&#8221;1\/3&#8243;][vc_single_image image=&#8221;1226&#8243; alignment=&#8221;center&#8221;][\/vc_column_inner][vc_column_inner width=&#8221;1\/3&#8243;][vc_single_image image=&#8221;1227&#8243; img_size=&#8221;large&#8221; alignment=&#8221;center&#8221;][\/vc_column_inner][vc_column_inner width=&#8221;1\/3&#8243;][vc_single_image image=&#8221;1228&#8243; img_size=&#8221;medium&#8221; alignment=&#8221;center&#8221;][\/vc_column_inner][\/vc_row_inner][vc_row_inner][vc_column_inner width=&#8221;1\/3&#8243;][vc_single_image image=&#8221;1229&#8243; alignment=&#8221;center&#8221;][\/vc_column_inner][vc_column_inner width=&#8221;1\/3&#8243;][vc_single_image image=&#8221;1230&#8243; img_size=&#8221;medium&#8221; alignment=&#8221;center&#8221;][\/vc_column_inner][vc_column_inner width=&#8221;1\/3&#8243;][vc_single_image image=&#8221;1231&#8243; img_size=&#8221;medium&#8221; alignment=&#8221;center&#8221;][\/vc_column_inner][\/vc_row_inner][\/vc_column][\/vc_row]<\/p>\n<\/div>","protected":false},"excerpt":{"rendered":"<p>[vc_row][vc_column][vc_row_inner][vc_column_inner width=&#8221;1\/3&#8243;][vc_single_image image=&#8221;1226&#8243; alignment=&#8221;center&#8221;][\/vc_column_inner][vc_column_inner width=&#8221;1\/3&#8243;][vc_single_image image=&#8221;1227&#8243; img_size=&#8221;large&#8221; alignment=&#8221;center&#8221;][\/vc_column_inner][vc_column_inner width=&#8221;1\/3&#8243;][vc_single_image image=&#8221;1228&#8243; img_size=&#8221;medium&#8221; alignment=&#8221;center&#8221;][\/vc_column_inner][\/vc_row_inner][vc_row_inner][vc_column_inner width=&#8221;1\/3&#8243;][vc_single_image image=&#8221;1229&#8243; alignment=&#8221;center&#8221;][\/vc_column_inner][vc_column_inner width=&#8221;1\/3&#8243;][vc_single_image image=&#8221;1230&#8243; img_size=&#8221;medium&#8221; alignment=&#8221;center&#8221;][\/vc_column_inner][vc_column_inner width=&#8221;1\/3&#8243;][vc_single_image image=&#8221;1231&#8243; &#8230;<\/p>\n","protected":false},"author":1,"featured_media":0,"parent":0,"menu_order":0,"comment_status":"closed","ping_status":"closed","template":"","meta":{"footnotes":""},"_links":{"self":[{"href":"https:\/\/astanplastik.com\/index.php?rest_route=\/wp\/v2\/pages\/1198"}],"collection":[{"href":"https:\/\/astanplastik.com\/index.php?rest_route=\/wp\/v2\/pages"}],"about":[{"href":"https:\/\/astanplastik.com\/index.php?rest_route=\/wp\/v2\/types\/page"}],"author":[{"embeddable":true,"href":"https:\/\/astanplastik.com\/index.php?rest_route=\/wp\/v2\/users\/1"}],"replies":[{"embeddable":true,"href":"https:\/\/astanplastik.com\/index.php?rest_route=%2Fwp%2Fv2%2Fcomments&post=1198"}],"version-history":[{"count":2,"href":"https:\/\/astanplastik.com\/index.php?rest_route=\/wp\/v2\/pages\/1198\/revisions"}],"predecessor-version":[{"id":1242,"href":"https:\/\/astanplastik.com\/index.php?rest_route=\/wp\/v2\/pages\/1198\/revisions\/1242"}],"wp:attachment":[{"href":"https:\/\/astanplastik.com\/index.php?rest_route=%2Fwp%2Fv2%2Fmedia&parent=1198"}],"curies":[{"name":"wp","href":"https:\/\/api.w.org\/{rel}","templated":true}]}}