{"id":1190,"date":"2019-12-01T23:00:00","date_gmt":"2019-12-01T20:00:00","guid":{"rendered":"https:\/\/demo.efektifgrup.com.tr\/?page_id=1190"},"modified":"2019-12-02T00:07:52","modified_gmt":"2019-12-01T21:07:52","slug":"hakkimizda","status":"publish","type":"page","link":"https:\/\/astanplastik.com\/?page_id=1190","title":{"rendered":"HAKKIMIZDA"},"content":{"rendered":"<div class=\"wpb-content-wrapper\"><p>[vc_row][vc_column]\n\t<div class=\"custom-heading wpb_content_element \">\n\t\t<h2 class=\"heading-title\" >HAKKIMIZDA<\/h2>\n\t\t<span class=\"heading-line primary\"><\/span>\n\t<\/div>[vc_column_text]Faaliyetlerine ba\u015flad\u0131\u011f\u0131 1978 y\u0131l\u0131ndan itibaren kesintisiz bir \u015fekilde ticari hayat\u0131n\u0131 s\u00fcrd\u00fcrmekte olan \u015firketimiz, 40 y\u0131la yakla\u015fan tecr\u00fcbesiyle birlikte plastik sekt\u00f6r\u00fcnde m\u00fc\u015fterilerinin hammadde istek ve ihtiya\u00e7lar\u0131n\u0131 kar\u015f\u0131lamaktad\u0131r.<\/p>\n<p>\u015eirketimiz Pakistan, Tayvan, Vietnam, Hindistan, Singapur ve G\u00fcney Kore\u2019de faaliyet g\u00f6steren petrokimya sekt\u00f6r\u00fcn\u00fcn \u00f6nde gelen firmalar\u0131ndan polistiren, polipropilen ve m\u00fchendislik plastikleri olarak \u00fc\u00e7 grupta toplanabilecek termoplastik polimerler ithalat\u0131 yaparak bunlar\u0131 m\u00fc\u015fterilerinin hizmetine sunmaktad\u0131r.<\/p>\n<p>\u00dcr\u00fcn karmas\u0131n\u0131 geni\u015fleterek bir\u00e7ok farkl\u0131 \u00fcr\u00fcn\u00fc pazarlamaya \u00e7al\u0131\u015fmak yerine yukar\u0131da bahsetti\u011fimiz PS, PP ve ABS, SAN, PC, PMMA, POM ve SBC gibi m\u00fchendislik plastiklerinin \u00fczerine yo\u011funla\u015farak bu \u00fcr\u00fcnlerde m\u00fc\u015fterilerine \u00f6zel \u00e7\u00f6z\u00fcmler sunmay\u0131 ama\u00e7lamaktad\u0131r.<\/p>\n<p>Sahip oldu\u011fu uluslararas\u0131 deneyim ve stratejik y\u00f6netim anlay\u0131\u015f\u0131 ile hem tedarik\u00e7ilerimizi hem de m\u00fc\u015fterilerimizi bizim i\u00e7in \u00f6nemli bir i\u015f orta\u011f\u0131 olarak g\u00f6ren \u015firketimiz, sadece sat\u0131\u015f faaliyetini y\u00fcr\u00fcten toptanc\u0131 bir firma g\u00f6r\u00fcn\u00fc\u015f\u00fcnden tamamen uzakta, distrib\u00fct\u00f6rl\u00fck prensibini benimseyerek kazan-kazan ilkesini bir ad\u0131m daha \u00f6teye ta\u015f\u0131yarak kazan-kazand\u0131r ilkesiyle hareket etmektedir.[\/vc_column_text][\/vc_column][\/vc_row][vc_row][vc_column]\n\t<div class=\"custom-heading wpb_content_element \">\n\t\t<h2 class=\"heading-title\" >M\u0130SYONUMUZ<\/h2>\n\t\t<span class=\"heading-line primary\"><\/span>\n\t<\/div>[vc_column_text]Firma ismimiz ile \u00f6zde\u015fle\u015fen de\u011ferlerimiz arac\u0131l\u0131\u011f\u0131yla fark yaratmak, kaliteli \u00fcr\u00fcn ve hizmetler sunarak m\u00fc\u015fteri beklentilerinin \u00fczerinde bir memnuniyet ve tatmin olu\u015fturmak ve b\u00f6ylece hem onlara hem de onlarla birlikte i\u00e7inde bulundu\u011fumuz topluma de\u011fer katmakt\u0131r.[\/vc_column_text][\/vc_column][\/vc_row][vc_row][vc_column]\n\t<div class=\"custom-heading wpb_content_element \">\n\t\t<h2 class=\"heading-title\" >V\u0130ZYONUMUZ<\/h2>\n\t\t<span class=\"heading-line primary\"><\/span>\n\t<\/div>[vc_column_text]Plastik hammadde tedari\u011finde, etik de\u011ferlerimizden en ufak bir taviz vermeden T\u00fcrkiye ve orta do\u011fuda \u00e7al\u0131\u015f\u0131lmak i\u00e7in en \u00e7ok arzu edilen T\u00fcrk \u015firketi olmak.[\/vc_column_text][\/vc_column][\/vc_row][vc_row][vc_column]\n\t<div class=\"custom-heading wpb_content_element \">\n\t\t<h2 class=\"heading-title\" >DE\u011eERLER\u0130M\u0130Z<\/h2>\n\t\t<span class=\"heading-line primary\"><\/span>\n\t<\/div>[vc_column_text]Sahip oldu\u011fumuz etik de\u011ferlerimiz;<\/p>\n<ul>\n<li><strong>D\u00fcr\u00fcstl\u00fck<\/strong><\/li>\n<li><strong>Ahlakl\u0131 olmak<\/strong><\/li>\n<li><strong>G\u00fcvenilirlik<\/strong><\/li>\n<li><strong>M\u00fc\u015fteri ve \u00e7al\u0131\u015fan memnuniyeti<\/strong><\/li>\n<li><strong>Liderlik<\/strong><\/li>\n<\/ul>\n<p>[\/vc_column_text][\/vc_column][\/vc_row]<\/p>\n<\/div>","protected":false},"excerpt":{"rendered":"<p>[vc_row][vc_column][vc_column_text]Faaliyetlerine ba\u015flad\u0131\u011f\u0131 1978 y\u0131l\u0131ndan itibaren kesintisiz bir \u015fekilde ticari hayat\u0131n\u0131 s\u00fcrd\u00fcrmekte olan \u015firketimiz, 40 y\u0131la yakla\u015fan tecr\u00fcbesiyle birlikte plastik sekt\u00f6r\u00fcnde m\u00fc\u015fterilerinin &#8230;<\/p>\n","protected":false},"author":1,"featured_media":0,"parent":0,"menu_order":0,"comment_status":"closed","ping_status":"closed","template":"","meta":{"footnotes":""},"_links":{"self":[{"href":"https:\/\/astanplastik.com\/index.php?rest_route=\/wp\/v2\/pages\/1190"}],"collection":[{"href":"https:\/\/astanplastik.com\/index.php?rest_route=\/wp\/v2\/pages"}],"about":[{"href":"https:\/\/astanplastik.com\/index.php?rest_route=\/wp\/v2\/types\/page"}],"author":[{"embeddable":true,"href":"https:\/\/astanplastik.com\/index.php?rest_route=\/wp\/v2\/users\/1"}],"replies":[{"embeddable":true,"href":"https:\/\/astanplastik.com\/index.php?rest_route=%2Fwp%2Fv2%2Fcomments&post=1190"}],"version-history":[{"count":6,"href":"https:\/\/astanplastik.com\/index.php?rest_route=\/wp\/v2\/pages\/1190\/revisions"}],"predecessor-version":[{"id":1239,"href":"https:\/\/astanplastik.com\/index.php?rest_route=\/wp\/v2\/pages\/1190\/revisions\/1239"}],"wp:attachment":[{"href":"https:\/\/astanplastik.com\/index.php?rest_route=%2Fwp%2Fv2%2Fmedia&parent=1190"}],"curies":[{"name":"wp","href":"https:\/\/api.w.org\/{rel}","templated":true}]}}